{"id":75,"date":"2019-04-03T10:40:50","date_gmt":"2019-04-03T10:40:50","guid":{"rendered":"http:\/\/music.hq.dk\/?page_id=75"},"modified":"2019-04-03T10:40:50","modified_gmt":"2019-04-03T10:40:50","slug":"om-hq-music","status":"publish","type":"page","link":"http:\/\/thih.dk\/?page_id=75","title":{"rendered":"Om HQ music"},"content":{"rendered":"\n<p>Siden HeadQuarters \u00e5bnede d\u00f8rene i 2011 har der v\u00e6ret afholdt utallige koncerter og arrangementer, og selvom vi er et sted i konstant udvikling er hovedelementet stadig det samme; vores k\u00e6rlighed til musik. Vi arbejder konstant p\u00e5 nye tiltag for at udtrykke netop den k\u00e6rlighed, og nu er turen kommet til det skrevne medie. Dette projekt kalder vi for HQ music. Navnet d\u00e6kker over en r\u00e6kke initiativer der tilsammen udg\u00f8r en platform og kanal til musikformidling. P\u00e5 <a href=\"http:\/\/music.hq.dk\">music.hq.dk<\/a> finder du f\u00f8rste initiativ i r\u00e6kken, hvor du fremover kan l\u00e6se interviews, nyheder og musikanbefalinger. Her bestr\u00e6ber vi os p\u00e5 at inspirere og formidle musik p\u00e5 tv\u00e6rs af et bredt spektrum af genrer og udtryk \u2013 ingen artist er for smal, ukendt eller niche.<\/p>\n\n\n\n<p>God l\u00e6seforn\u00f8jelse.<\/p>\n\n\n\n<div style=\"height:32px\" aria-hidden=\"true\" class=\"wp-block-spacer\"><\/div>\n\n\n\n<h2 style=\"text-align:center\">Kontakt os<\/h2>\n\n\n\n<div style=\"height:24px\" aria-hidden=\"true\" class=\"wp-block-spacer\"><\/div>\n\n\n\n<div class=\"wp-block-columns has-2-columns\">\n<div class=\"wp-block-column\">\n<p style=\"background-color:#eeeeee; padding: 20px;\"><strong>Thomas Mose Andersen<\/strong><br><em>Projektkoordinator<\/em><br><a href=\"mailto:thomas@hq.dk\">thomas@hq.dk<\/a><\/p>\n<\/div>\n\n\n\n<div class=\"wp-block-column\">\n<p style=\"background-color:#eeeeee; padding: 20px;\"><strong>Kristoffer Veirum<\/strong><br><em>Redakt\u00f8r<\/em><br><a href=\"mailto:kristoffer@hq.dk\">kristoffer@hq.dk<\/a><\/p>\n<\/div>\n<\/div>\n","protected":false},"excerpt":{"rendered":"<p>Siden HeadQuarters \u00e5bnede d\u00f8rene i 2011 har der v\u00e6ret afholdt utallige koncerter og arrangementer, og selvom vi er et sted i konstant udvikling er hovedelementet stadig det samme; vores k\u00e6rlighed til musik. Vi arbejder konstant p\u00e5 nye tiltag for at udtrykke netop den k\u00e6rlighed, og nu er turen kommet til det skrevne medie. Dette projekt [&hellip;]<\/p>\n","protected":false},"author":2,"featured_media":0,"parent":0,"menu_order":0,"comment_status":"closed","ping_status":"closed","template":"","meta":{"_et_pb_use_builder":"","_et_pb_old_content":"","_et_gb_content_width":""},"_links":{"self":[{"href":"http:\/\/thih.dk\/index.php?rest_route=\/wp\/v2\/pages\/75"}],"collection":[{"href":"http:\/\/thih.dk\/index.php?rest_route=\/wp\/v2\/pages"}],"about":[{"href":"http:\/\/thih.dk\/index.php?rest_route=\/wp\/v2\/types\/page"}],"author":[{"embeddable":true,"href":"http:\/\/thih.dk\/index.php?rest_route=\/wp\/v2\/users\/2"}],"replies":[{"embeddable":true,"href":"http:\/\/thih.dk\/index.php?rest_route=%2Fwp%2Fv2%2Fcomments&post=75"}],"version-history":[{"count":0,"href":"http:\/\/thih.dk\/index.php?rest_route=\/wp\/v2\/pages\/75\/revisions"}],"wp:attachment":[{"href":"http:\/\/thih.dk\/index.php?rest_route=%2Fwp%2Fv2%2Fmedia&parent=75"}],"curies":[{"name":"wp","href":"https:\/\/api.w.org\/{rel}","templated":true}]}}